{"id":404,"date":"2022-03-15T17:02:41","date_gmt":"2022-03-15T17:02:41","guid":{"rendered":"https:\/\/anwaltskanzlei-migrationsrecht.de\/?page_id=404"},"modified":"2024-01-25T11:36:16","modified_gmt":"2024-01-25T11:36:16","slug":"formulare","status":"publish","type":"page","link":"https:\/\/anwaltskanzlei-jayd-rizzo.de\/?page_id=404","title":{"rendered":"Formulare"},"content":{"rendered":"<p>[et_pb_section fb_built=&#8220;1&#8243; fullwidth=&#8220;on&#8220; admin_label=&#8220;section&#8220; _builder_version=&#8220;3.22&#8243; global_colors_info=&#8220;{}&#8220;][et_pb_fullwidth_slider show_arrows=&#8220;off&#8220; show_pagination=&#8220;off&#8220; admin_label=&#8220;Vollbreiter Slider&#8220; module_id=&#8220;sliderleft&#8220; _builder_version=&#8220;4.14.1&#8243; header_text_color=&#8220;#16a085&#8243; background_image=&#8220;https:\/\/anwaltskanzlei-jayd-rizzo.de\/wp-content\/uploads\/2022\/03\/Q9A1316-184-k.jpg&#8220; parallax=&#8220;on&#8220; parallax_method=&#8220;on&#8220; custom_padding=&#8220;|||&#8220; custom_padding_tablet=&#8220;|||&#8220; custom_padding_phone=&#8220;|||&#8220; animation_style=&#8220;zoom&#8220; box_shadow_style=&#8220;preset6&#8243; box_shadow_blur=&#8220;10px&#8220; box_shadow_color=&#8220;rgba(0,0,0,0.1)&#8220; remove_inner_shadow=&#8220;off&#8220; hide_content_on_mobile=&#8220;off&#8220; hide_cta_on_mobile=&#8220;off&#8220; show_inner_shadow=&#8220;on&#8220; button_letter_spacing_hover=&#8220;0&#8243; global_colors_info=&#8220;{}&#8220; button_text_size__hover_enabled=&#8220;off&#8220; button_one_text_size__hover_enabled=&#8220;off&#8220; button_two_text_size__hover_enabled=&#8220;off&#8220; button_text_color__hover_enabled=&#8220;off&#8220; button_one_text_color__hover_enabled=&#8220;off&#8220; button_two_text_color__hover_enabled=&#8220;off&#8220; button_border_width__hover_enabled=&#8220;off&#8220; button_one_border_width__hover_enabled=&#8220;off&#8220; button_two_border_width__hover_enabled=&#8220;off&#8220; button_border_color__hover_enabled=&#8220;off&#8220; button_one_border_color__hover_enabled=&#8220;off&#8220; button_two_border_color__hover_enabled=&#8220;off&#8220; button_border_radius__hover_enabled=&#8220;off&#8220; button_one_border_radius__hover_enabled=&#8220;off&#8220; button_two_border_radius__hover_enabled=&#8220;off&#8220; button_letter_spacing__hover_enabled=&#8220;on&#8220; button_letter_spacing__hover=&#8220;0&#8243; button_one_letter_spacing__hover_enabled=&#8220;off&#8220; button_two_letter_spacing__hover_enabled=&#8220;off&#8220; button_bg_color__hover_enabled=&#8220;off&#8220; button_one_bg_color__hover_enabled=&#8220;off&#8220; button_two_bg_color__hover_enabled=&#8220;off&#8220;][et_pb_slide button_link=&#8220;http:\/\/etermine.net&#8220; image=&#8220;https:\/\/anwaltskanzlei-migrationsrecht.de\/wp-content\/uploads\/2022\/02\/logo.png&#8220; _builder_version=&#8220;4.14.1&#8243; _module_preset=&#8220;default&#8220; header_text_color=&#8220;#a50021&#8243; background_enable_color=&#8220;off&#8220; background_image=&#8220;https:\/\/anwaltskanzlei-jayd-rizzo.de\/wp-content\/uploads\/2022\/03\/Q9A1316-184-k.jpg&#8220; background_enable_image=&#8220;on&#8220; custom_button=&#8220;on&#8220; button_text_size=&#8220;26px&#8220; button_text_color=&#8220;#FFFFFF&#8220; button_bg_color=&#8220;#666666&#8243; button_border_radius=&#8220;14px&#8220; button_use_icon=&#8220;on&#8220; button_icon=&#8220;&#xe023;||divi||400&#8243; button_icon_placement=&#8220;right&#8220; button_alignment=&#8220;right&#8220; global_colors_info=&#8220;{}&#8220; sticky_transition=&#8220;on&#8220;][\/et_pb_slide][\/et_pb_fullwidth_slider][\/et_pb_section][et_pb_section fb_built=&#8220;1&#8243; _builder_version=&#8220;4.14.1&#8243; _module_preset=&#8220;default&#8220; background_color=&#8220;#cccccc&#8220; global_colors_info=&#8220;{}&#8220;][et_pb_row admin_label=&#8220;row&#8220; _builder_version=&#8220;3.25&#8243; background_size=&#8220;initial&#8220; background_position=&#8220;top_left&#8220; background_repeat=&#8220;repeat&#8220; global_colors_info=&#8220;{}&#8220;][et_pb_column type=&#8220;4_4&#8243; _builder_version=&#8220;3.25&#8243; custom_padding=&#8220;|||&#8220; global_colors_info=&#8220;{}&#8220; custom_padding__hover=&#8220;|||&#8220;][et_pb_text admin_label=&#8220;Text&#8220; _builder_version=&#8220;4.14.1&#8243; background_size=&#8220;initial&#8220; background_position=&#8220;top_left&#8220; background_repeat=&#8220;repeat&#8220; text_orientation=&#8220;center&#8220; module_alignment=&#8220;center&#8220; global_colors_info=&#8220;{}&#8220;]<\/p>\n<h1><span style=\"color: #333333;\">Schreiben Sie uns Ihre W\u00fcnsche<\/span><\/h1>\n<p>[\/et_pb_text][\/et_pb_column][\/et_pb_row][et_pb_row _builder_version=&#8220;4.14.1&#8243; _module_preset=&#8220;default&#8220; global_colors_info=&#8220;{}&#8220;][et_pb_column type=&#8220;4_4&#8243; _builder_version=&#8220;4.14.1&#8243; _module_preset=&#8220;default&#8220; global_colors_info=&#8220;{}&#8220;][et_pb_text admin_label=&#8220;formulare&#8220; _builder_version=&#8220;4.14.1&#8243; _module_preset=&#8220;default&#8220; animation_style=&#8220;zoom&#8220; global_colors_info=&#8220;{}&#8220;]<\/p>\n<p>Nachfolgend finden Sie einige Formulare zum Download:<br \/>Bitte f\u00fcllen Sie die Formulare aus und unterschreiben Sie sie. Die unterschriebenen Formulare k\u00f6nnen Sie zum Termin mitbringen oder elektronisch an meine E-Mail-Adresse oder postalisch an meine Kanzlei schicken.<br \/>E-Mail-Adresse: kanzlei@jayd-rizzo.de<br \/>Postalische Adresse: M\u00fcnsterstra\u00dfe 51, 44534 L\u00fcnen<\/p>\n<p><strong>Vollmachten<\/strong><\/p>\n<ul>\n<li><a href=\"https:\/\/anwaltskanzlei-jayd-rizzo.de\/wp-content\/uploads\/2022\/03\/Vollmacht-deutsch.pdf\" target=\"_blank\" rel=\"noopener\">Vollmacht<\/a> (deutsch)<\/li>\n<li><a href=\"https:\/\/anwaltskanzlei-jayd-rizzo.de\/wp-content\/uploads\/2022\/03\/Vollmacht-deutsch-und-englisch.pdf\" target=\"_blank\" rel=\"noopener\">Vollmacht<\/a> \/ power of attorney (deutsch und englisch)<\/li>\n<li><a href=\"https:\/\/anwaltskanzlei-jayd-rizzo.de\/wp-content\/uploads\/2022\/03\/Vollmacht-deutsch-und-franzoesisch.pdf\" target=\"_blank\" rel=\"noopener\">Vollmacht<\/a> \/ procuration (deutsch und franz\u00f6sisch)<\/li>\n<li><a href=\"https:\/\/anwaltskanzlei-jayd-rizzo.de\/wp-content\/uploads\/2022\/03\/Vollmacht-deutsch-und-arabisch.pdf\" target=\"_blank\" rel=\"noopener\">Vollmacht<\/a> \/ (deutsch und arabisch)<\/li>\n<\/ul>\n<hr \/>\n<p><strong>Prozesskostenhilfe<\/strong><\/p>\n<ul>\n<li><a href=\"https:\/\/anwaltskanzlei-jayd-rizzo.de\/wp-content\/uploads\/2022\/03\/Hinweisblatt-ueber-den-Antrag-auf-Prozesskostenhilfe.pdf\" target=\"_blank\" rel=\"noopener\">Hinweisblatt \u00fcber den Antrag auf Prozesskostenhilfe PKH (deutsch)<\/a><\/li>\n<li><a href=\"https:\/\/anwaltskanzlei-jayd-rizzo.de\/wp-content\/uploads\/2022\/03\/PKH-Antrag.pdf\" target=\"_blank\" rel=\"noopener\">Antrag auf Prozesskostenhilfe (deutsch)<\/a><\/li>\n<li>Ausf\u00fcllhilfe zum Prozesskostenantrag in leicher Sprache (deutsch)<\/li>\n<\/ul>\n<hr \/>\n<p><strong>Beratungshilfe<\/strong><\/p>\n<ul>\n<li><a href=\"https:\/\/anwaltskanzlei-jayd-rizzo.de\/wp-content\/uploads\/2022\/03\/Hinweisblatt-Beratungshilfe-englisch_.pdf\" target=\"_blank\" rel=\"noopener\">Hinweisblatt \u00fcber Beratungshilfe (englisch)<\/a><\/li>\n<li><a href=\"https:\/\/anwaltskanzlei-jayd-rizzo.de\/wp-content\/uploads\/2022\/03\/Antrag-auf-Bewilligung-von-Beratungshilfe-Deutsch.pdf\" target=\"_blank\" rel=\"noopener\">Antrag auf Bewilligung von Beratungshilfe (deutsch)<\/a><\/li>\n<\/ul>\n<hr \/>\n<p>&nbsp;<\/p>\n<p>[\/et_pb_text][\/et_pb_column][\/et_pb_row][\/et_pb_section][et_pb_section fb_built=&#8220;1&#8243; admin_label=&#8220;section&#8220; _builder_version=&#8220;3.22&#8243; global_colors_info=&#8220;{}&#8220;][et_pb_row column_structure=&#8220;1_2,1_2&#8243; admin_label=&#8220;row&#8220; _builder_version=&#8220;3.25&#8243; background_size=&#8220;initial&#8220; background_position=&#8220;top_left&#8220; background_repeat=&#8220;repeat&#8220; global_colors_info=&#8220;{}&#8220;][et_pb_column type=&#8220;1_2&#8243; _builder_version=&#8220;3.25&#8243; custom_padding=&#8220;|||&#8220; global_colors_info=&#8220;{}&#8220; custom_padding__hover=&#8220;|||&#8220;][et_pb_contact_form email=&#8220;kanzlei@jayd-rizzo.de&#8220; admin_label=&#8220;Kontaktformular&#8220; _builder_version=&#8220;4.14.1&#8243; _unique_id=&#8220;02a192c7-4e15-45bd-a8c5-7843e1cfd63b&#8220; global_colors_info=&#8220;{}&#8220;][et_pb_contact_field field_id=&#8220;Name&#8220; field_title=&#8220;Name&#8220; _builder_version=&#8220;3.16&#8243; global_colors_info=&#8220;{}&#8220; button_text_size__hover_enabled=&#8220;off&#8220; button_one_text_size__hover_enabled=&#8220;off&#8220; button_two_text_size__hover_enabled=&#8220;off&#8220; button_text_color__hover_enabled=&#8220;off&#8220; button_one_text_color__hover_enabled=&#8220;off&#8220; button_two_text_color__hover_enabled=&#8220;off&#8220; button_border_width__hover_enabled=&#8220;off&#8220; button_one_border_width__hover_enabled=&#8220;off&#8220; button_two_border_width__hover_enabled=&#8220;off&#8220; button_border_color__hover_enabled=&#8220;off&#8220; button_one_border_color__hover_enabled=&#8220;off&#8220; button_two_border_color__hover_enabled=&#8220;off&#8220; button_border_radius__hover_enabled=&#8220;off&#8220; button_one_border_radius__hover_enabled=&#8220;off&#8220; button_two_border_radius__hover_enabled=&#8220;off&#8220; button_letter_spacing__hover_enabled=&#8220;off&#8220; button_one_letter_spacing__hover_enabled=&#8220;off&#8220; button_two_letter_spacing__hover_enabled=&#8220;off&#8220; button_bg_color__hover_enabled=&#8220;off&#8220; button_one_bg_color__hover_enabled=&#8220;off&#8220; button_two_bg_color__hover_enabled=&#8220;off&#8220;][\/et_pb_contact_field][et_pb_contact_field field_id=&#8220;Email&#8220; field_title=&#8220;E-Mail-Adresse&#8220; field_type=&#8220;email&#8220; _builder_version=&#8220;3.16&#8243; global_colors_info=&#8220;{}&#8220; button_text_size__hover_enabled=&#8220;off&#8220; button_one_text_size__hover_enabled=&#8220;off&#8220; button_two_text_size__hover_enabled=&#8220;off&#8220; button_text_color__hover_enabled=&#8220;off&#8220; button_one_text_color__hover_enabled=&#8220;off&#8220; button_two_text_color__hover_enabled=&#8220;off&#8220; button_border_width__hover_enabled=&#8220;off&#8220; button_one_border_width__hover_enabled=&#8220;off&#8220; button_two_border_width__hover_enabled=&#8220;off&#8220; button_border_color__hover_enabled=&#8220;off&#8220; button_one_border_color__hover_enabled=&#8220;off&#8220; button_two_border_color__hover_enabled=&#8220;off&#8220; button_border_radius__hover_enabled=&#8220;off&#8220; button_one_border_radius__hover_enabled=&#8220;off&#8220; button_two_border_radius__hover_enabled=&#8220;off&#8220; button_letter_spacing__hover_enabled=&#8220;off&#8220; button_one_letter_spacing__hover_enabled=&#8220;off&#8220; button_two_letter_spacing__hover_enabled=&#8220;off&#8220; button_bg_color__hover_enabled=&#8220;off&#8220; button_one_bg_color__hover_enabled=&#8220;off&#8220; button_two_bg_color__hover_enabled=&#8220;off&#8220;][\/et_pb_contact_field][et_pb_contact_field field_id=&#8220;Message&#8220; field_title=&#8220;Nachricht&#8220; field_type=&#8220;text&#8220; fullwidth_field=&#8220;on&#8220; _builder_version=&#8220;3.16&#8243; global_colors_info=&#8220;{}&#8220; button_text_size__hover_enabled=&#8220;off&#8220; button_one_text_size__hover_enabled=&#8220;off&#8220; button_two_text_size__hover_enabled=&#8220;off&#8220; button_text_color__hover_enabled=&#8220;off&#8220; button_one_text_color__hover_enabled=&#8220;off&#8220; button_two_text_color__hover_enabled=&#8220;off&#8220; button_border_width__hover_enabled=&#8220;off&#8220; button_one_border_width__hover_enabled=&#8220;off&#8220; button_two_border_width__hover_enabled=&#8220;off&#8220; button_border_color__hover_enabled=&#8220;off&#8220; button_one_border_color__hover_enabled=&#8220;off&#8220; button_two_border_color__hover_enabled=&#8220;off&#8220; button_border_radius__hover_enabled=&#8220;off&#8220; button_one_border_radius__hover_enabled=&#8220;off&#8220; button_two_border_radius__hover_enabled=&#8220;off&#8220; button_letter_spacing__hover_enabled=&#8220;off&#8220; button_one_letter_spacing__hover_enabled=&#8220;off&#8220; button_two_letter_spacing__hover_enabled=&#8220;off&#8220; button_bg_color__hover_enabled=&#8220;off&#8220; button_one_bg_color__hover_enabled=&#8220;off&#8220; button_two_bg_color__hover_enabled=&#8220;off&#8220;][\/et_pb_contact_field][\/et_pb_contact_form][\/et_pb_column][et_pb_column type=&#8220;1_2&#8243; _builder_version=&#8220;3.25&#8243; custom_padding=&#8220;|||&#8220; global_colors_info=&#8220;{}&#8220; custom_padding__hover=&#8220;|||&#8220;][et_pb_code _builder_version=&#8220;4.14.1&#8243; _module_preset=&#8220;default&#8220; global_colors_info=&#8220;{}&#8220;]<div id=\"wpgmza_map\" class=\"wpgmza_map\" data-settings='{\"id\":\"1\",\"map_title\":\"Kanzlei Jayd-Rizzo\",\"map_width\":\"100\",\"map_height\":\"400\",\"map_start_lat\":\"51.62008615420544\",\"map_start_lng\":\"7.537863382684882\",\"map_start_location\":\"45.950464398418106,-109.81550500000003\",\"map_start_zoom\":\"14\",\"default_marker\":\"\",\"type\":\"0\",\"alignment\":\"4\",\"directions_enabled\":\"0\",\"styling_enabled\":\"0\",\"styling_json\":\"\",\"active\":\"0\",\"kml\":\"\",\"bicycle\":\"0\",\"traffic\":\"0\",\"dbox\":\"0\",\"dbox_width\":\"\",\"listmarkers\":\"0\",\"listmarkers_advanced\":\"0\",\"filterbycat\":\"0\",\"ugm_enabled\":\"0\",\"ugm_category_enabled\":\"0\",\"fusion\":\"\",\"map_width_type\":\"%\",\"map_height_type\":\"px\",\"mass_marker_support\":\"0\",\"ugm_access\":\"0\",\"order_markers_by\":\"0\",\"order_markers_choice\":\"0\",\"show_user_location\":\"0\",\"default_to\":\"\",\"other_settings\":{\"map_type\":1,\"sl_stroke_color\":\"\",\"sl_fill_color\":\"\",\"sl_stroke_opacity\":\"\",\"sl_fill_opacity\":\"\",\"transport_layer\":false,\"action\":\"wpgmza_save_map\",\"redirect_to\":\"\\\/wp-admin\\\/admin-post.php\",\"map_id\":\"1\",\"http_referer\":\"\\\/wp-admin\\\/admin.php?page=wp-google-maps-menu&amp;amp;override=1&amp;amp;action=edit&amp;amp;map_id=1\",\"wpgmza_id\":\"1\",\"wpgmza_start_location\":\"51.62008615420544,7.537863382684882\",\"wpgmza_start_zoom\":\"14\",\"store_locator_enabled\":false,\"store_locator_search_area\":\"radial\",\"wpgmza_store_locator_radius_style\":\"legacy\",\"wpgmza_store_locator_default_radius\":\"10\",\"store_locator_auto_area_max_zoom\":\"\",\"store_locator_distance\":false,\"wpgmza_store_locator_position\":false,\"store_locator_show_distance\":false,\"store_locator_category\":false,\"wpgmza_store_locator_use_their_location\":false,\"wpgmza_store_locator_bounce\":false,\"wpgmza_sl_animation\":null,\"wpgmza_store_locator_hide_before_search\":false,\"store_locator_query_string\":\"\",\"store_locator_default_address\":\"\",\"store_locator_name_search\":false,\"store_locator_name_string\":\"\",\"store_locator_not_found_message\":\"\",\"wpgmza_map_align\":\"1\",\"jump_to_nearest_marker_on_initialization\":false,\"automatically_pan_to_users_location\":false,\"override_users_location_zoom_level\":false,\"override_users_location_zoom_levels\":\"\",\"show_distance_from_location\":false,\"map_max_zoom\":\"21\",\"map_min_zoom\":\"0\",\"click_open_link\":false,\"fit_maps_bounds_to_markers\":false,\"fit_maps_bounds_to_markers_after_filtering\":false,\"hide_point_of_interest\":false,\"wpgmza_zoom_on_marker_click\":false,\"wpgmza_zoom_on_marker_click_slider\":\"\",\"close_infowindow_on_map_click\":false,\"disable_lightbox_images\":false,\"use_Raw_Jpeg_Coordinates\":false,\"disable_polygon_info_windows\":false,\"enable_marker_ratings\":false,\"only_load_markers_within_viewport\":false,\"iw_primary_color\":\"#000000\",\"iw_accent_color\":\"#000000\",\"iw_text_color\":\"#000000\",\"wpgmza_listmarkers_by\":\"0\",\"wpgmza_marker_listing_position\":false,\"zoom_level_on_marker_listing_override\":false,\"zoom_level_on_marker_listing_click\":\"\",\"datatable_no_result_message\":\"\",\"remove_search_box_datables\":false,\"dataTable_pagination_style\":null,\"datatable_search_string\":\"\",\"datatable_result_start\":\"\",\"datatable_result_of\":\"\",\"datatable_result_to\":\"\",\"datatable_result_total\":\"\",\"datatable_result_show\":\"\",\"datatable_result_entries\":\"\",\"wpgmza_savemap\":\"Karte speichern \\u00bb\"}}' data-map-id='1' Data-maps-engine='open-layers' data-shortcode-attributes='{\"id\":\"1\"}' style=\"display:block; overflow:auto; width:100%; height:400px; float:left;\"><\/div>[\/et_pb_code][\/et_pb_column][\/et_pb_row][\/et_pb_section]<\/p>\n","protected":false},"excerpt":{"rendered":"<p>Schreiben Sie uns Ihre W\u00fcnscheNachfolgend finden Sie einige Formulare zum Download:Bitte f\u00fcllen Sie die Formulare aus und unterschreiben Sie sie. Die unterschriebenen Formulare k\u00f6nnen Sie zum Termin mitbringen oder elektronisch an meine E-Mail-Adresse oder postalisch an meine Kanzlei schicken.E-Mail-Adresse: kanzlei@jayd-rizzo.dePostalische Adresse: M\u00fcnsterstra\u00dfe 51, 44534 L\u00fcnen Vollmachten Vollmacht (deutsch) Vollmacht \/ power of attorney (deutsch und [&hellip;]<\/p>\n","protected":false},"author":1,"featured_media":0,"parent":0,"menu_order":0,"comment_status":"closed","ping_status":"closed","template":"","meta":{"_et_pb_use_builder":"on","_et_pb_old_content":"","_et_gb_content_width":"","footnotes":""},"class_list":["post-404","page","type-page","status-publish","hentry"],"_links":{"self":[{"href":"https:\/\/anwaltskanzlei-jayd-rizzo.de\/index.php?rest_route=\/wp\/v2\/pages\/404","targetHints":{"allow":["GET"]}}],"collection":[{"href":"https:\/\/anwaltskanzlei-jayd-rizzo.de\/index.php?rest_route=\/wp\/v2\/pages"}],"about":[{"href":"https:\/\/anwaltskanzlei-jayd-rizzo.de\/index.php?rest_route=\/wp\/v2\/types\/page"}],"author":[{"embeddable":true,"href":"https:\/\/anwaltskanzlei-jayd-rizzo.de\/index.php?rest_route=\/wp\/v2\/users\/1"}],"replies":[{"embeddable":true,"href":"https:\/\/anwaltskanzlei-jayd-rizzo.de\/index.php?rest_route=%2Fwp%2Fv2%2Fcomments&post=404"}],"version-history":[{"count":28,"href":"https:\/\/anwaltskanzlei-jayd-rizzo.de\/index.php?rest_route=\/wp\/v2\/pages\/404\/revisions"}],"predecessor-version":[{"id":761,"href":"https:\/\/anwaltskanzlei-jayd-rizzo.de\/index.php?rest_route=\/wp\/v2\/pages\/404\/revisions\/761"}],"wp:attachment":[{"href":"https:\/\/anwaltskanzlei-jayd-rizzo.de\/index.php?rest_route=%2Fwp%2Fv2%2Fmedia&parent=404"}],"curies":[{"name":"wp","href":"https:\/\/api.w.org\/{rel}","templated":true}]}}