{"id":452,"date":"2022-03-26T10:29:13","date_gmt":"2022-03-26T10:29:13","guid":{"rendered":"https:\/\/anwaltskanzlei-jayd-rizzo.de\/?page_id=452"},"modified":"2025-09-11T11:36:26","modified_gmt":"2025-09-11T11:36:26","slug":"impressum","status":"publish","type":"page","link":"https:\/\/anwaltskanzlei-jayd-rizzo.de\/?page_id=452","title":{"rendered":"Impressum"},"content":{"rendered":"<p>[et_pb_section fb_built=&#8220;1&#8243; _builder_version=&#8220;3.22&#8243; global_colors_info=&#8220;{}&#8220;][et_pb_row _builder_version=&#8220;3.25&#8243; background_size=&#8220;initial&#8220; background_position=&#8220;top_left&#8220; background_repeat=&#8220;repeat&#8220; global_colors_info=&#8220;{}&#8220;][et_pb_column type=&#8220;4_4&#8243; _builder_version=&#8220;3.25&#8243; custom_padding=&#8220;|||&#8220; global_colors_info=&#8220;{}&#8220; custom_padding__hover=&#8220;|||&#8220;][et_pb_text _builder_version=&#8220;4.14.1&#8243; background_size=&#8220;initial&#8220; background_position=&#8220;top_left&#8220; background_repeat=&#8220;repeat&#8220; hover_enabled=&#8220;0&#8243; global_colors_info=&#8220;{}&#8220; sticky_enabled=&#8220;0&#8243;]<\/p>\n<h3>Angaben gem\u00e4\u00df \u00a7 5 TMG:<\/h3>\n<p>Rechtsanw\u00e4ltin Nisrine Jayd-Rizzo<br \/>M\u00fcnsterstra\u00dfe 51<br \/>Tel: 02306 98 46 922<br \/>Fax: 02306 97 88 578<\/p>\n<p>E-Mail: kontakt@anwaltskanzlei-jayd-rizzo.de<br \/>Internet: www.anwaltskanzlei-jayd-rizzo.de<\/p>\n<p><strong>Die f\u00fcr mich zust\u00e4ndige Aufsichtsbeh\u00f6rde ist: <\/strong><strong><br \/><\/strong>Rechtsanwaltskammer Hamm<br \/>Ostenallee 18<br \/>59063 Hamm<br \/>Tel.: 02381\/985000<br \/>Fax: 02381\/985050<br \/>E-Mail:\u00a0<a href=\"mailto:info@rak-hamm.de\">info@rak-hamm.de<\/a><br \/>Webseite:\u00a0<a href=\"http:\/\/www.rak-hamm.de\/\">www.rak-hamm.de<\/a><\/p>\n<p><strong>UStd-IdNR<\/strong>: DE349265047<\/p>\n<p>Vertretungsberechtigter gem\u00e4\u00df \u00a75 Absatz 1 Nr. 1 DDG: Nisrine Jayd-Rizzo<\/p>\n<p>Verantwortlicher i.S.d. \u00a7 55 Abs. 2 RStV f\u00fcr die journalistisch-redaktionellen Inhalte: Nisrine Jayd Rizzo<\/p>\n<p>Frau Nisrine Jayd-Rizzo ist als Rechtsanw\u00e4ltin in der BRD zugelassen. Die Berufsbezeichnungen \u201cRechtsanwalt \/ Rechtsanw\u00e4ltin\u201d, \u201cFachanwalt \/ Fachanw\u00e4ltin\u201d sind nach den Gesetzen der Bundesrepublik Deutschland verliehen worden.<\/p>\n<p>Berufsrechtliche Regelungen des Rechtsanwalts:<\/p>\n<p>BRAO \u2013 Bundesrechtsanwaltsordnung<br \/>CCBE \u2013 Standesregeln der Rechtsanw\u00e4lte in der EU<br \/>BORA \u2013 Berufsordnung f\u00fcr Rechtsanw\u00e4lte<br \/>BRAGO \u2013 Bundesgeb\u00fchrenordnung f\u00fcr Rechtsanw\u00e4lte<br \/>RVG \u2013 Rechtsanwaltsverg\u00fctungsgesetz<br \/>FAO \u2013 Fachanwaltsordnung<br \/>Berufsregeln der Rechtsanw\u00e4lte der Europ\u00e4ischen Gemeinschaft (CCBE)<br \/>Gesetz \u00fcber die T\u00e4tigkeit europ\u00e4ischer Rechtsanw\u00e4lte in Deutschland (EuRAG)<br \/>Law Implementing the Directives of the European Community pertaining to the professional law regulating the legal profession<\/p>\n<p>Die Texte sind abrufbar unter unter www.brak.de in der Rubrik \u201cBerufsrecht\u201d.<\/p>\n<p>Rechtsanw\u00e4ltin Nisrine Jayd-Rizzo unterh\u00e4lt eine Berufshaftpflichtversicherung mit einer Mindestversicherungssumme von 250.000,00 \u20ac. Die Einzelheiten entnehmen Sie bitte \u00a7 51 BRAO. Ich bin bei der nachfolgend aufgef\u00fchrten Versicherung versichert: R+V Allgemeine Versicherung AG, Raiffeisenplatz 1, 65189 Wiesbaden. Der r\u00e4umliche Geltungsbereich betrifft das gesamte Gebiet der Europ\u00e4ischen Union und den Staaten des Abkommens \u00fcber den wirtschaftlichen Wirtschaftsraum.<\/p>\n<p>Die Wahrnehmung widerstreitender Interessen ist Rechtsanw\u00e4lten aufgrund berufsrechtlicher Regelungen untersagt (\u00a743a Abs. 4 BRAO). Vor Annahme eines Mandats wird deshalb immer gepr\u00fcft, ob ein Interessenskonflikt vorliegt.<\/p>\n<p>Streitigkeiten<br \/>Bei Streitigkeiten zwischen dem Rechtsanwalt und dem Auftraggeber besteht auf Antrag die M\u00f6glichkeit der au\u00dfergerichtlichen Streitschlichtung bei der regionalen Rechtsanwaltskammer Hamm (gem\u00e4\u00df \u00a7 73 Abs. 2 Nr. 4 i.V.m. \u00a7 73 Abs. 5 BRAO) oder bei der Schlichtungsstelle der Rechtsanwaltschaft bei der Bundesrechtsanwaltskammer (\u00a7 191 f. BRAO), e-mail: schlichtungsstelle@brak.de.<\/p>\n<p>Hinweis nach dem Verbraucherstreitbeilegungsgesetz (VSBG)<br \/>Zust\u00e4ndige Verbraucherschlichtungsstelle ist f\u00fcr verm\u00f6gensrechtliche Streitigkeiten aus dem<br \/>Mandatsverh\u00e4ltnis bis zu einem Wert von 50.000 Euro die Schlichtungsstelle der Rechtsanwaltschaft,<br \/>Rauchstra\u00dfe 26, 10787 Berlin, www.schlichtungsstelle-der-rechtsanwaltschaft.de<\/p>\n<p>Hinweis gem. \u00a7 36 VSBG:<br \/>Rechtsanw\u00e4ltin Nisrine Jayd-Rizzo wird nicht an einem Streitbeilegungsverfahren vor einer Verbraucherschlichtungsstelle teilnehmen und ist hierzu auch nicht verpflichtet.<\/p>\n<p>Haftungsausschluss:<br \/>Inhalt des Onlineangebotes<br \/>Die Autoren\/Rechtsanw\u00e4lte \u00fcbernehmen keinerlei Gew\u00e4hr f\u00fcr die Aktualit\u00e4t, Korrektheit, Vollst\u00e4ndigkeit oder Qualit\u00e4t der bereitgestellten Informationen. Haftungsanspr\u00fcche gegen die Autoren, welche sich auf Sch\u00e4den materieller oder ideeller Art beziehen, die durch die Nutzung oder Nichtnutzung der dargebotenen Informationen bzw. durch die Nutzung fehlerhafter und unvollst\u00e4ndiger Informationen verursacht wurden, sind grunds\u00e4tzlich ausgeschlossen, sofern seitens der Autoren kein nachweislich vors\u00e4tzliches oder grob fahrl\u00e4ssiges Verschulden vorliegt. Alle Angebote sind freibleibend und unverbindlich. Der Autor beh\u00e4lt es sich ausdr\u00fccklich vor, Teile der Seiten oder das gesamte Angebot ohne gesonderte Ank\u00fcndigung zu ver\u00e4ndern, zu erg\u00e4nzen, zu l\u00f6schen oder die Ver\u00f6ffentlichung zeitweise oder endg\u00fcltig einzustellen.<\/p>\n<p>Datenschutz:<br \/>Sofern innerhalb des Internetangebotes die M\u00f6glichkeit zur Eingabe pers\u00f6nlicher oder gesch\u00e4ftlicher Daten (Emailadressen, Namen, Anschriften) besteht, so erfolgt die Preisgabe dieser Daten seitens des Nutzers auf ausdr\u00fccklich freiwilliger Basis. Die Inanspruchnahme und Bezahlung aller angebotenen Dienste ist \u2013 soweit technisch m\u00f6glich und zumutbar \u2013 auch ohne Angabe solcher Daten bzw. unter Angabe anonymisierter Daten oder eines Pseudonyms gestattet. Die Nutzung der im Rahmen des Impressums oder vergleichbarer Angaben ver\u00f6ffentlichten Kontaktdaten wie Postanschriften, Telefon- und Faxnummern sowie Emailadressen durch Dritte zur \u00dcbersendung von nicht ausdr\u00fccklich angeforderten Informationen ist nicht gestattet. Rechtliche Schritte gegen die Versender von sogenannten Spam-Mails bei Verst\u00f6\u00dfen gegen dieses Verbot sind ausdr\u00fccklich vorbehalten. Alle von Ihnen veranlassten Nachrichten und \u00fcbermittelten pers\u00f6nlichen Daten werden ausschlie\u00dflich zur internen Bearbeitung verwendet und gespeichert. Die Autoren weisen darauf hin, dass er aus technischen Gr\u00fcnden eine Einsicht der \u00fcbermittelten Daten beim Versand durch Dritte nicht ausschlie\u00dfen kann. Die \u00dcbermittlung der Daten erfolgt somit auf eigene Gefahr des Benutzers. Personenbezogene Daten werden auf dieser Internetpr\u00e4senz nicht ohne Wissen des Nutzers im Hintergrund (z.B. durch Cookies) erfasst.<\/p>\n<p>Verweise und Links:<br \/>Bei direkten oder indirekten Verweisen auf fremde Webseiten (\u201eHyperlinks\u201c), die au\u00dferhalb des Verantwortungsbereiches des Autors liegen, w\u00fcrde eine Haftungsverpflichtung ausschlie\u00dflich in dem Fall in Kraft treten, in dem der Autor von den Inhalten Kenntnis hat und es ihm technisch m\u00f6glich und zumutbar w\u00e4re, die Nutzung im Falle rechtswidriger Inhalte zu verhindern. Der Autor erkl\u00e4rt hiermit ausdr\u00fccklich, dass zum Zeitpunkt der Linksetzung keine illegalen Inhalte auf den zu verlinkenden Seiten erkennbar waren. Auf die aktuelle und zuk\u00fcnftige Gestaltung, die Inhalte oder die Urheberschaft der verlinkten\/verkn\u00fcpften Seiten hat der Autor keinerlei Einfluss. Deshalb distanziert er sich hiermit ausdr\u00fccklich von allen Inhalten aller verlinkten \/verkn\u00fcpften Seiten, die nach der Linksetzung ver\u00e4ndert wurden. Diese Feststellung gilt f\u00fcr alle innerhalb des eigenen Internetangebotes gesetzten Links und Verweise sowie f\u00fcr Fremdeintr\u00e4ge in vom Autor eingerichteten G\u00e4steb\u00fcchern, Diskussionsforen, Linkverzeichnissen, Mailinglisten und in allen anderen Formen von Datenbanken, auf deren Inhalt externe Schreibzugriffe m\u00f6glich sind. F\u00fcr illegale, fehlerhafte oder unvollst\u00e4ndige Inhalte und insbesondere f\u00fcr Sch\u00e4den, die aus der Nutzung oder Nichtnutzung solcherart dargebotener Informationen entstehen, haftet allein der Anbieter der Seite, auf welche verwiesen wurde, nicht derjenige, der \u00fcber Links auf die jeweilige Ver\u00f6ffentlichung lediglich verweist.<\/p>\n<p>Urheber- und Kennzeichenrecht:<br \/>Die Autoren sind bestrebt, in allen Publikationen die Urheberrechte der verwendeten Bilder, Grafiken, Tondokumente, Videosequenzen und Texte zu beachten, von ihm selbst erstellte Bilder, Grafiken, Tondokumente, Videosequenzen und Texte zu nutzen oder auf lizenzfreie Grafiken, Tondokumente, Videosequenzen und Texte zur\u00fcckzugreifen. Alle innerhalb des Internetangebotes genannten und ggf. durch Dritte gesch\u00fctzten Marken- und Warenzeichen unterliegen uneingeschr\u00e4nkt den Bestimmungen des jeweils g\u00fcltigen Kennzeichenrechts und den Besitzrechten der jeweiligen eingetragenen Eigent\u00fcmer. Allein aufgrund der blo\u00dfen Nennung ist nicht der Schluss zu ziehen, dass Markenzeichen nicht durch Rechte Dritter gesch\u00fctzt sind! Das Copyright f\u00fcr ver\u00f6ffentlichte, von den Autoren selbst erstellte Objekte bleibt allein bei den Autorender Seiten. Eine Vervielf\u00e4ltigung oder Verwendung solcher Grafiken, Tondokumente, Videosequenzen und Texte in anderen elektronischen oder gedruckten Publikationen ist ohne ausdr\u00fcckliche Zustimmung den Autoren nicht gestattet.<\/p>\n<p>Datenschutzerkl\u00e4rung zur Nutzung des WhatsApp-Services<br \/>Unter der Telefonnummer 017646545278 beantworten wir \u00fcber den WhatsApp-Service Ihre Kundenanfrage und informieren Sie \u00fcber uns (nachfolgend \u201eInfo\u201c). Weitere Kommunikation \u00fcber den WhatsApp-Service erfolgt nur auf ihren ausdr\u00fccklichen Wunsch. Wenn Sie die Info empfangen m\u00f6chten, ben\u00f6tigen wir von Ihnen eine valide Mobilfunknummer sowie Informationen, die uns die \u00dcberpr\u00fcfung gestatten, dass Sie der Inhaber der angegebenen Mobilfunknummer sind bzw. dass deren Inhaber mit dem Empfang des Services einverstanden ist. Mit der Anmeldung zur Info speichern wir Ihren in Ihrem WhatsApp-Konto hinterlegten Vornamen, Namen, Mobilfunknummer und das Datum der Anmeldung zu unserer EDV. Diese Speicherung dient dem Nachweis Ihrer Anmeldung, der Kommunikation und dem Ausschluss etwaiger Missbr\u00e4uche Dritter. Weitere Daten werden nicht erhoben. Die genannten Daten werden nur f\u00fcr die genannten Zwecke verwendet und werden nicht an Dritte weitergegeben. Ihre Einwilligung zur Speicherung der Daten, der Mobilfunknummer sowie deren Nutzung zum Versand der Info\/Kommunikation k\u00f6nnen Sie jederzeit widerrufen. Der Widerruf kann per WhatsApp-Nachricht oder per E-Mail an die im Impressum genannten Kontaktdaten erfolgen.<\/p>\n<p>Fotos<br \/>Bilder, Fotos, Icons von https:\/\/pixabay.com\/ \u2013 Lizenz informationen unter: https:\/\/pixabay.com\/de\/service\/license\/<br \/>www.iconfinder.com \u2013 https:\/\/www.iconfinder.com\/about\/termsofservice<\/p>\n<p>Rechtswirksamkeit dieses Haftungsausschlusses:<br \/>Dieser Haftungsausschluss ist als Teil des Internetangebotes zu betrachten, von dem aus auf diese Seite verwiesen wurde. Sofern Teile oder einzelne Formulierungen dieses Textes der geltenden Rechtslage nicht, nicht mehr oder nicht vollst\u00e4ndig entsprechen sollten, bleiben die \u00fcbrigen Teile des Dokumentes in ihrem Inhalt und ihrer G\u00fcltigkeit davon unber\u00fchrt.<\/p>\n<p>[\/et_pb_text][\/et_pb_column][\/et_pb_row][\/et_pb_section]<\/p>\n","protected":false},"excerpt":{"rendered":"<p>Angaben gem\u00e4\u00df \u00a7 5 TMG: Rechtsanw\u00e4ltin Nisrine Jayd-RizzoM\u00fcnsterstra\u00dfe 51Tel: 02306 98 46 922Fax: 02306 97 88 578 E-Mail: kontakt@anwaltskanzlei-jayd-rizzo.deInternet: www.anwaltskanzlei-jayd-rizzo.de Die f\u00fcr mich zust\u00e4ndige Aufsichtsbeh\u00f6rde ist: Rechtsanwaltskammer HammOstenallee 1859063 HammTel.: 02381\/985000Fax: 02381\/985050E-Mail:\u00a0info@rak-hamm.deWebseite:\u00a0www.rak-hamm.de UStd-IdNR: DE349265047 Vertretungsberechtigter gem\u00e4\u00df \u00a75 Absatz 1 Nr. 1 DDG: Nisrine Jayd-Rizzo Verantwortlicher i.S.d. \u00a7 55 Abs. 2 RStV f\u00fcr die journalistisch-redaktionellen Inhalte: [&hellip;]<\/p>\n","protected":false},"author":1,"featured_media":0,"parent":0,"menu_order":0,"comment_status":"closed","ping_status":"closed","template":"","meta":{"_et_pb_use_builder":"on","_et_pb_old_content":"<h3>Angaben gem\u00e4\u00df \u00a7 5 TMG:<\/h3><p>Rechtsanw\u00e4ltin Nisrine Jayd-Rizzo<br \/>M\u00fcnsterstra\u00dfe 51<br \/>Tel: 02306 98 46 922<br \/>Fax: 02306 97 88 578<\/p><p>E-Mail: kontakt@anwaltskanzlei-jayd-rizzo.de<br \/>Internet: www.anwaltskanzlei-jayd-rizzo.de<\/p><p><strong>F\u00fcr die Rechtsanw\u00e4ltin im OLG-Bezirk Hamm zust\u00e4ndige Aufsichtsbeh\u00f6rde<\/strong><strong><br \/><\/strong>Rechtsanwaltskammer Hamm<br \/>Ostenallee 18<br \/>59063 Hamm<br \/>Tel.: 02381\/985000<br \/>Fax: 02381\/985050<br \/>E-Mail:\u00a0<a href=\"mailto:info@rak-hamm.de\">info@rak-hamm.de<\/a><br \/>Webseite:\u00a0<a href=\"http:\/\/www.rak-hamm.de\/\">www.rak-hamm.de<\/a><\/p><p><strong>UStd-IdNR<\/strong>: DE349265047<\/p>","_et_gb_content_width":"","footnotes":""},"class_list":["post-452","page","type-page","status-publish","hentry"],"_links":{"self":[{"href":"https:\/\/anwaltskanzlei-jayd-rizzo.de\/index.php?rest_route=\/wp\/v2\/pages\/452","targetHints":{"allow":["GET"]}}],"collection":[{"href":"https:\/\/anwaltskanzlei-jayd-rizzo.de\/index.php?rest_route=\/wp\/v2\/pages"}],"about":[{"href":"https:\/\/anwaltskanzlei-jayd-rizzo.de\/index.php?rest_route=\/wp\/v2\/types\/page"}],"author":[{"embeddable":true,"href":"https:\/\/anwaltskanzlei-jayd-rizzo.de\/index.php?rest_route=\/wp\/v2\/users\/1"}],"replies":[{"embeddable":true,"href":"https:\/\/anwaltskanzlei-jayd-rizzo.de\/index.php?rest_route=%2Fwp%2Fv2%2Fcomments&post=452"}],"version-history":[{"count":7,"href":"https:\/\/anwaltskanzlei-jayd-rizzo.de\/index.php?rest_route=\/wp\/v2\/pages\/452\/revisions"}],"predecessor-version":[{"id":785,"href":"https:\/\/anwaltskanzlei-jayd-rizzo.de\/index.php?rest_route=\/wp\/v2\/pages\/452\/revisions\/785"}],"wp:attachment":[{"href":"https:\/\/anwaltskanzlei-jayd-rizzo.de\/index.php?rest_route=%2Fwp%2Fv2%2Fmedia&parent=452"}],"curies":[{"name":"wp","href":"https:\/\/api.w.org\/{rel}","templated":true}]}}